{"id":23042,"date":"2019-05-14T06:53:59","date_gmt":"2019-05-14T03:53:59","guid":{"rendered":"https:\/\/mytestsitejt.fi\/demo4\/?page_id=23042"},"modified":"2026-04-11T16:11:31","modified_gmt":"2026-04-11T13:11:31","slug":"arttu-lipsonen","status":"publish","type":"page","link":"https:\/\/breathingman.fi\/?page_id=23042","title":{"rendered":"Breathingman"},"content":{"rendered":"<p>[et_pb_section fb_built=&#8221;1&#8243; _builder_version=&#8221;4.24.0&#8243; background_color=&#8221;#032B35&#8243; background_enable_image=&#8221;off&#8221; global_colors_info=&#8221;{}&#8221;][et_pb_row _builder_version=&#8221;4.16&#8243; global_colors_info=&#8221;{}&#8221;][et_pb_column type=&#8221;4_4&#8243; _builder_version=&#8221;4.16&#8243; custom_padding=&#8221;|||&#8221; global_colors_info=&#8221;{}&#8221; custom_padding__hover=&#8221;|||&#8221;][et_pb_text _builder_version=&#8221;4.24.2&#8243; text_font=&#8221;||||||||&#8221; text_text_color=&#8221;#000000&#8243; text_letter_spacing=&#8221;1px&#8221; header_font=&#8221;|600|||||||&#8221; header_font_size=&#8221;4em&#8221; background_color=&#8221;rgba(255,255,255,0.84)&#8221; custom_padding=&#8221;29px|22px||18px||&#8221; header_text_shadow_style=&#8221;preset2&#8243; global_colors_info=&#8221;{}&#8221;]<\/p>\n<h1 style=\"text-align: center;\"><span style=\"font-size: x-large;\"><strong>Breathingman <\/strong><\/span><span style=\"font-size: x-large;\"><strong>Arttu Lipsonen<\/strong><\/span><\/h1>\n<p style=\"text-align: center;\"><span style=\"font-size: x-large;\">\u00a0<\/span><strong>Herkk\u00e4 hermostoni paloi loppuun, kun itses\u00e4\u00e4telyn ty\u00f6kalut puuttuivat.<\/strong><\/p>\n<p data-start=\"514\" data-end=\"922\" style=\"text-align: center;\">Toimin ty\u00f6urani alkuvaiheessa pitk\u00e4\u00e4n yrityksiss\u00e4 vaativissa johto- ja valmennusteht\u00e4viss\u00e4. Ja kun tehtiin hommia, niin niit\u00e4 tehtiin tosissaan. Vuosien psyykkinen ja hermoston kuormitus alkoi kuitenkin n\u00e4ky\u00e4 unessa, palautumisessa ja suorituskyvyss\u00e4. Kun en viel\u00e4 osannut s\u00e4\u00e4dell\u00e4 hermostoani ja mielentilojani, tilanne ajautui lopulta uupumukseen, keskivaikeaan masennukseen ja v\u00e4liaikaiseen ty\u00f6kyvyn menetykseen. Samalla my\u00f6s alkoholin k\u00e4ytt\u00f6 karkasi k\u00e4sist\u00e4.<\/p>\n<p data-start=\"924\" data-end=\"1173\" style=\"text-align: center;\">Oli pakko pys\u00e4hty\u00e4. Tasapainon ja onnellisuuden etsint\u00e4 alkoi \u2013 ja konkreettisemmin harjoittelu, miten kehoa, hermostoa, mielt\u00e4 ja koko egoj\u00e4rjestelm\u00e4\u00e4 voi ohjata paremmin palveleviin suuntiin.<\/p>\n<p data-start=\"1175\" data-end=\"1443\" style=\"text-align: center;\">T\u00e4st\u00e4 alkoi matka, joka ei ollut suoraviivainen \u2013 mutta pala palalta l\u00f6ysin toimivia ratkaisuja. Hiljalleen tasapaino ja sis\u00e4inen rauha alkoivat rakentua uudelleen. Samalla hengityksest\u00e4 muodostui keskeinen ty\u00f6kalu vaikuttaa hermostoon, palautumiseen ja mielen tilaan.<\/p>\n<p data-start=\"1445\" data-end=\"1721\" style=\"text-align: center;\">Olen opiskellut ja ty\u00f6skennellyt useiden alan kansainv\u00e4listen huippuvalmentajien kanssa (mm. Patrick McKeown, Misha Sakharoff ja Harri Gustafsberg), mutta ennen kaikkea olen testannut, koetellut ja soveltanut oppeja k\u00e4yt\u00e4nt\u00f6\u00f6n \u2013 omassa kehossa ja tuhansien asiakkaiden kanssa.<\/p>\n<p data-start=\"1723\" data-end=\"1916\" style=\"text-align: center;\">Olen kehitt\u00e4nyt kokemukseni pohjalta oman <strong data-start=\"1765\" data-end=\"1792\">ABBA-hengitysmenetelm\u00e4n<\/strong>, jota s\u00e4\u00e4nn\u00f6llisesti harjoittamalla asiakkaat kehitt\u00e4v\u00e4t hengityst\u00e4\u00e4n ja stressinhallintaansa tuloksellisesti ja mitattavasti. Menetelm\u00e4 yhdist\u00e4\u00e4 l\u00e4nsimaisen hengitysfysiologian ja k\u00e4yt\u00e4nn\u00f6n harjoittelun tavalla, joka toimii oikeassa el\u00e4m\u00e4ss\u00e4.<\/p>\n<p data-start=\"1918\" data-end=\"2301\" style=\"text-align: center;\">Breathingmanin yritys- ja ryhm\u00e4valmennuksissa yhdist\u00e4n parhaat ty\u00f6kalut ja menetelm\u00e4t el\u00e4myksellisiksi kokonaisuuksiksi, joissa yhdistyv\u00e4t k\u00e4yt\u00e4nn\u00f6n harjoittelu, helposti ymm\u00e4rrett\u00e4v\u00e4 fysiologia ja syv\u00e4 rentoutuminen. Valmennukset saavat toistuvasti erinomaista palautetta sek\u00e4 osallistujilta ett\u00e4 johdolta, ja ne toimivat vahvana inspiraationa jatkaa harjoittelua my\u00f6s itsen\u00e4isesti.<\/p>\n<p data-start=\"2303\" data-end=\"2365\" style=\"text-align: center;\"><strong data-start=\"2303\" data-end=\"2365\">Valmennusohjelmien asiakastyytyv\u00e4isyys: 4,8\/5 (2026) \u2b50\u2b50\u2b50\u2b50\u2b50<\/strong><\/p>\n<p data-start=\"2367\" data-end=\"2582\" style=\"text-align: center;\">Asiakkaani saavat lis\u00e4\u00e4 energiaa arkeen, paremman unen, rauhallisemman hermoston ja selke\u00e4mm\u00e4n mielen. Moni kokee jo lyhyess\u00e4 ajassa konkreettisen muutoksen palautumisessa, keskittymiskyvyss\u00e4 ja omassa olotilassaan.<\/p>\n<p data-start=\"2584\" data-end=\"2811\" style=\"text-align: center;\">Esimerkiksi stressi\u00e4 ja palautumista kuvaava y\u00f6llinen HRV-arvo (sykev\u00e4livaihtelu) paranee asiakkailla usein nopeasti \u2013 kymmeni\u00e4, jopa satoja prosentteja. My\u00f6s hengityksen toiminnallisuutta mittaavat testit kehittyv\u00e4t nopeasti.<\/p>\n<p data-start=\"2813\" data-end=\"3004\" style=\"text-align: center;\">Yksil\u00f6valmentajana vahvuuteni on kyky hahmottaa nopeasti asiakkaan tilanne ja l\u00f6yt\u00e4\u00e4 olennaiset vipupisteet positiiviselle muutokselle. Ty\u00f6skentelyni on oivalluttavaa ja rehellist\u00e4. Siin\u00e4 yhdistyv\u00e4t hyv\u00e4ksyv\u00e4 l\u00e4sn\u00e4olo sek\u00e4 lempe\u00e4 mutta j\u00e4m\u00e4kk\u00e4 ohjaus kohti ratkaisuja ja selkeytt\u00e4.<\/p>\n<p data-start=\"3437\" data-end=\"3529\" style=\"text-align: center;\">\ud83d\udc49 Lue <span style=\"color: #071d7f;\"><strong><a href=\"https:\/\/breathingman.fi\/?page_id=45810\" style=\"color: #071d7f;\">Kokemuksia<\/a><\/strong><\/span>-osiosta, mit\u00e4 asiakkaat sanovat.<\/p>\n<hr data-start=\"3531\" data-end=\"3534\" \/>\n<p style=\"text-align: center;\">\n<p data-start=\"943\" data-end=\"1212\" style=\"text-align: center;\">\n<p data-start=\"943\" data-end=\"1212\" style=\"text-align: center;\">\n<p data-start=\"943\" data-end=\"1212\" style=\"text-align: center;\">\n<p data-start=\"943\" data-end=\"1212\" style=\"text-align: center;\">\n<p style=\"text-align: center;\">\n<p align=\"left\">\n<p style=\"text-align: center;\"><strong><\/strong><\/p>\n<p style=\"text-align: center;\"><strong><\/strong><\/p>\n<p>[\/et_pb_text][et_pb_image align_tablet=&#8221;center&#8221; align_phone=&#8221;&#8221; align_last_edited=&#8221;on|desktop&#8221; _builder_version=&#8221;4.16&#8243; global_colors_info=&#8221;{}&#8221;][\/et_pb_image][\/et_pb_column][\/et_pb_row][\/et_pb_section][et_pb_section fb_built=&#8221;1&#8243; _builder_version=&#8221;4.24.0&#8243; _module_preset=&#8221;default&#8221; background_color=&#8221;#032B35&#8243; global_colors_info=&#8221;{}&#8221;][et_pb_row _builder_version=&#8221;4.24.0&#8243; _module_preset=&#8221;default&#8221; global_colors_info=&#8221;{}&#8221;][et_pb_column type=&#8221;4_4&#8243; _builder_version=&#8221;4.24.0&#8243; _module_preset=&#8221;default&#8221; global_colors_info=&#8221;{}&#8221;][et_pb_testimonial author=&#8221;Juha Larm, yritt\u00e4j\u00e4 , Fitfarm Oy&#8221; portrait_url=&#8221;https:\/\/breathingman.fi\/wp-content\/uploads\/2024\/02\/Larm-Juha.jpg&#8221; _builder_version=&#8221;4.24.0&#8243; _module_preset=&#8221;default&#8221; global_colors_info=&#8221;{}&#8221;]<\/p>\n<p style=\"line-height: 100%; margin-bottom: 0cm;\">Arttu on upea, inspiroiva ja turvallinen hengitysvalmentaja. Ryhm\u00e4tilanteessa sill\u00e4 on j\u00e4nn\u00e4 kyky jotenkin yksil\u00f6llisesti poistaa esteit\u00e4, h\u00e4lvent\u00e4\u00e4 pelkoja, luoda turvaa ja johdattaa siihen kunkin omaan yksil\u00f6lliseen hengitykseen ja rauhaan&#8230; Sellainen j\u00e4m\u00e4kk\u00e4 tatsi niihin tekniikoihin, mutta erityisesti ihan puhetapaa my\u00f6ten sellanen rento ja v\u00e4lit\u00f6n fiilis. Tykk\u00e4\u00e4n valmennusfilosofiasta miss\u00e4 t\u00e4\u00e4 hengitys ei oo mit\u00e4\u00e4n extremesuorituksia vaan ennen kaikkea ty\u00f6kalu lis\u00e4\u00e4m\u00e4\u00e4n rentoutta\u2026 rauhaa ja rakkautta. Ty\u00f6pajoissa oon kokenut tosi meditatiivisia puhdistavia kokemuksia ja tapahtumien j\u00e4lkeen on ollut pitk\u00e4\u00e4n hyv\u00e4 olo. Tyk\u00e4t\u00e4\u00e4n kovasti! Kiitos!<\/p>\n<p>[\/et_pb_testimonial][\/et_pb_column][\/et_pb_row][\/et_pb_section]<\/p>\n","protected":false},"excerpt":{"rendered":"<p>Breathingman Arttu Lipsonen \u00a0Herkk\u00e4 hermostoni paloi loppuun, kun itses\u00e4\u00e4telyn ty\u00f6kalut puuttuivat. Toimin ty\u00f6urani alkuvaiheessa pitk\u00e4\u00e4n yrityksiss\u00e4 vaativissa johto- ja valmennusteht\u00e4viss\u00e4. Ja kun tehtiin hommia, niin niit\u00e4 tehtiin tosissaan. Vuosien psyykkinen ja hermoston kuormitus alkoi kuitenkin n\u00e4ky\u00e4 unessa, palautumisessa ja suorituskyvyss\u00e4. Kun en viel\u00e4 osannut s\u00e4\u00e4dell\u00e4 hermostoani ja mielentilojani, tilanne ajautui lopulta uupumukseen, keskivaikeaan masennukseen ja [&hellip;]<\/p>\n","protected":false},"author":1,"featured_media":0,"parent":0,"menu_order":0,"comment_status":"closed","ping_status":"closed","template":"","meta":{"_et_pb_use_builder":"on","_et_pb_old_content":"","_et_gb_content_width":"","footnotes":""},"class_list":["post-23042","page","type-page","status-publish","hentry"],"_links":{"self":[{"href":"https:\/\/breathingman.fi\/index.php?rest_route=\/wp\/v2\/pages\/23042","targetHints":{"allow":["GET"]}}],"collection":[{"href":"https:\/\/breathingman.fi\/index.php?rest_route=\/wp\/v2\/pages"}],"about":[{"href":"https:\/\/breathingman.fi\/index.php?rest_route=\/wp\/v2\/types\/page"}],"author":[{"embeddable":true,"href":"https:\/\/breathingman.fi\/index.php?rest_route=\/wp\/v2\/users\/1"}],"replies":[{"embeddable":true,"href":"https:\/\/breathingman.fi\/index.php?rest_route=%2Fwp%2Fv2%2Fcomments&post=23042"}],"version-history":[{"count":45,"href":"https:\/\/breathingman.fi\/index.php?rest_route=\/wp\/v2\/pages\/23042\/revisions"}],"predecessor-version":[{"id":46135,"href":"https:\/\/breathingman.fi\/index.php?rest_route=\/wp\/v2\/pages\/23042\/revisions\/46135"}],"wp:attachment":[{"href":"https:\/\/breathingman.fi\/index.php?rest_route=%2Fwp%2Fv2%2Fmedia&parent=23042"}],"curies":[{"name":"wp","href":"https:\/\/api.w.org\/{rel}","templated":true}]}}