{"id":23014,"date":"2019-05-14T06:21:21","date_gmt":"2019-05-14T03:21:21","guid":{"rendered":"https:\/\/mytestsitejt.fi\/demo4\/?page_id=23014"},"modified":"2026-04-08T14:29:35","modified_gmt":"2026-04-08T11:29:35","slug":"hengittamisesta-hyotya","status":"publish","type":"page","link":"https:\/\/breathingman.fi\/?page_id=23014","title":{"rendered":"Hengitt\u00e4misest\u00e4 on hy\u00f6ty\u00e4"},"content":{"rendered":"<p>[et_pb_section fb_built=&#8221;1&#8243; _builder_version=&#8221;4.24.0&#8243; background_color=&#8221;#032B35&#8243; background_enable_image=&#8221;off&#8221; global_colors_info=&#8221;{}&#8221;][et_pb_row _builder_version=&#8221;4.16&#8243; background_color=&#8221;rgba(255,255,255,0.8)&#8221; custom_padding=&#8221;|25px||||&#8221; global_colors_info=&#8221;{}&#8221;][et_pb_column type=&#8221;4_4&#8243; _builder_version=&#8221;4.16&#8243; custom_padding=&#8221;|||&#8221; global_colors_info=&#8221;{}&#8221; custom_padding__hover=&#8221;|||&#8221;][et_pb_text _builder_version=&#8221;4.16&#8243; text_font=&#8221;||||||||&#8221; text_text_color=&#8221;#000000&#8243; width=&#8221;100%&#8221; custom_padding=&#8221;|||33px||&#8221; global_colors_info=&#8221;{}&#8221;]<\/p>\n<h2 style=\"text-align: center;\"><strong>&#8221;Hengitys on silta stressin ja rentouden v\u00e4liss\u00e4&#8221;<br \/><\/strong><\/h2>\n<p>&nbsp;<\/p>\n<h3><\/h3>\n<h3 style=\"text-align: center;\">Ota hengitys ja stressi haltuun ammattilaisten k\u00e4ytt\u00e4mill\u00e4 metodeilla kokeneen huippuvalmentajan ohjauksessa. Hengitys toimii. Tutkitusti.<\/h3>\n<h3 style=\"text-align: center;\"><\/h3>\n<h3 style=\"text-align: center;\">Stressi<\/h3>\n<p style=\"text-align: center;\">Tutkimusten mukaan suuri osa sairauksista ja ty\u00f6poissaoloista liittyy stressiin. Stressaantunut henkil\u00f6 suoriutuu heikommin ty\u00f6teht\u00e4vist\u00e4, nukkuu huonommin ja sairastuu helpommin. Hengitysharjoituksien avulla voi purkaa j\u00e4nnitystiloja kehosta ja mielest\u00e4, rentouttaa hermoj\u00e4rjestelm\u00e4\u00e4 tehokkaasti ja v\u00e4hent\u00e4\u00e4 &#8221;stressihormoni&#8221; kortisolin m\u00e4\u00e4r\u00e4\u00e4n elimist\u00f6ss\u00e4. Hengitt\u00e4m\u00e4ll\u00e4 oikein pid\u00e4t my\u00f6s huolta kehon energiatuotannosta. Hengitysharjoitteiden vaikutuksen autonomiseen hermostoon ja stressitilaan voit todentaa helposti esimerkiksi tarkkailemalla sykev\u00e4livaihteluasi \u00e4lykellolla tai -sormuksella.<\/p>\n<h3 style=\"text-align: center;\">Hengitys ja mielentila<\/h3>\n<p style=\"text-align: center;\">Hengitys ja mielentilamme ovat l\u00e4heisess\u00e4 yhteydess\u00e4 toisiinsa. Yksinkertaisilla hengitystekniikoilla kykenet hallitsemaan mielentilaasi erilaisissa painetilanteissa tarkoituksenmuokaisella tavalla. Et ole en\u00e4\u00e4 yht\u00e4 paljon mielesi viet\u00e4viss\u00e4 ja hallinnan tunne lis\u00e4\u00e4ntyy. Syke laskee, hermosto rentoutuu ja keskittymiskyky ty\u00f6ss\u00e4 paranee Hengitysharjoitukset tuottavat my\u00f6s hyv\u00e4\u00e4 oloa lis\u00e4\u00e4m\u00e4ll\u00e4 esimerkiksi &#8221;mielihyv\u00e4hormoni&#8221; endorfiinin tuotantoa kehossa.<\/p>\n<h3 style=\"text-align: center;\"><\/h3>\n<h3 style=\"text-align: center;\">Immuniteetti ja kipu<\/h3>\n<p style=\"text-align: center;\">Hengitysharjoitukset parantavat tutkitusti immuniteettisuojaa. Hengitt\u00e4m\u00e4ll\u00e4 biomekaanisesti ja biokemiallisesti oikein, vastustuskykysi vahvistuu. Hengitysharjoituksilla voidaan my\u00f6s lievitt\u00e4\u00e4 kivun tuntemuksia kehossa mm. vaikuttamalla aivojen kipukeskukseen.<\/p>\n<h3 style=\"text-align: center;\">Happea soluille<\/h3>\n<p style=\"text-align: center;\">Hengitystapasi vaikuttaa suoraan hiilidioksidi-, typpioksidi- ja happitasoihin elimist\u00f6ss\u00e4. Oikea hengitystapa tehostaa hapen kulkua soluihin, kudoksiin ja aivoihin. N\u00e4in keskittymis- ja suorituskyky sek\u00e4 fyysisest\u00e4 ja psyykkisest\u00e4 rasituksesta palautuminen paranee.<\/p>\n<h3 style=\"text-align: center;\">Uni ja hermot<\/h3>\n<p style=\"text-align: center;\">Hengitystapasi ja hengitysharjoitukset vaikuttavat suoraan hermoj\u00e4rjestelm\u00e4\u00e4si. Alhaisempi syketaso ja verenpaine sek\u00e4 parasympaattisen hermoj\u00e4rjestelm\u00e4n aktivoituminen esimerkiksi Vagus-hermon v\u00e4lityksell\u00e4 parantavat unen laatua merkitt\u00e4v\u00e4sti ja mitattavasti. Hengityksen lis\u00e4ksi kielen ja nielun lihasten aktivointiharjoitteilla kyet\u00e4\u00e4n lievent\u00e4m\u00e4\u00e4n ja ennaltaehk\u00e4isem\u00e4\u00e4n kuorsaus- ja uniapneariski\u00e4.<\/p>\n<h3 style=\"text-align: center;\">Hyv\u00e4 olo<\/h3>\n<p style=\"text-align: center;\">Kun teet hengitysharjoitukset oikein, niist\u00e4 tulee hyv\u00e4 ja rento olo. Leposyke laskee, syd\u00e4men sykev\u00e4livaihtelu kasvaa. Breathingman tapahtumissa osallistujat ovat p\u00e4\u00e4sseet mittalaitteiden mukaan jopa tietoiseen syv\u00e4n unen tilaan tapahtumien aikana.<\/p>\n<h3 style=\"text-align: center;\">Itsetuntemus ja henkinen kasvu<\/h3>\n<p style=\"text-align: center;\">Oikein toteutettu hengitysharjoittelu tasapainottaa hermostoa ja rauhoittaa mielt\u00e4. N\u00e4in syntyy luonnollinen pohja syvemm\u00e4lle itsetutkiskelulle. Rauhallisemman hermoston tilassa on helpompi havannoida omia ajatusmalleja, uskomuksia ja reaktiomalleja ja alkaa ty\u00f6st\u00e4\u00e4 niit\u00e4 tietoisesti. Muutokset jotka ennen tuntuivat vaikeilta ja jopa ylivoimaisilta, alkavat tapahtua luontevammin ja my\u00f6s terapeuttinen ty\u00f6skentely syvenee ja tuottaa tuloksia nopeammin.\u00a0<\/p>\n<h3 style=\"text-align: center;\"><\/h3>\n<h3 style=\"text-align: center;\">Tule mukaan tapahtumiin tai pyyd\u00e4 tarjous valmennukseen yrityksellesi<\/h3>\n<p style=\"text-align: center;\">Osallistu tapahtumaan tai varaa valmennus itsellesi tai yrityksellesi. Lue lis\u00e4\u00e4 vaihtoehdoista t\u00e4st\u00e4:<\/p>\n<p>[\/et_pb_text][et_pb_button button_url=&#8221;https:\/\/breathingman.fi\/?page_id=23381&#8243; button_text=&#8221;LUE LIS\u00c4\u00c4&#8221; button_alignment=&#8221;center&#8221; _builder_version=&#8221;4.24.0&#8243; custom_button=&#8221;on&#8221; button_text_color=&#8221;#032B35&#8243; global_colors_info=&#8221;{}&#8221;][\/et_pb_button][\/et_pb_column][\/et_pb_row][\/et_pb_section]<\/p>\n","protected":false},"excerpt":{"rendered":"<p>&#8221;Hengitys on silta stressin ja rentouden v\u00e4liss\u00e4&#8221; &nbsp; Ota hengitys ja stressi haltuun ammattilaisten k\u00e4ytt\u00e4mill\u00e4 metodeilla kokeneen huippuvalmentajan ohjauksessa. Hengitys toimii. Tutkitusti. Stressi Tutkimusten mukaan suuri osa sairauksista ja ty\u00f6poissaoloista liittyy stressiin. Stressaantunut henkil\u00f6 suoriutuu heikommin ty\u00f6teht\u00e4vist\u00e4, nukkuu huonommin ja sairastuu helpommin. Hengitysharjoituksien avulla voi purkaa j\u00e4nnitystiloja kehosta ja mielest\u00e4, rentouttaa hermoj\u00e4rjestelm\u00e4\u00e4 tehokkaasti ja v\u00e4hent\u00e4\u00e4 [&hellip;]<\/p>\n","protected":false},"author":1,"featured_media":0,"parent":0,"menu_order":0,"comment_status":"closed","ping_status":"closed","template":"","meta":{"_et_pb_use_builder":"on","_et_pb_old_content":"","_et_gb_content_width":"","footnotes":""},"class_list":["post-23014","page","type-page","status-publish","hentry"],"_links":{"self":[{"href":"https:\/\/breathingman.fi\/index.php?rest_route=\/wp\/v2\/pages\/23014","targetHints":{"allow":["GET"]}}],"collection":[{"href":"https:\/\/breathingman.fi\/index.php?rest_route=\/wp\/v2\/pages"}],"about":[{"href":"https:\/\/breathingman.fi\/index.php?rest_route=\/wp\/v2\/types\/page"}],"author":[{"embeddable":true,"href":"https:\/\/breathingman.fi\/index.php?rest_route=\/wp\/v2\/users\/1"}],"replies":[{"embeddable":true,"href":"https:\/\/breathingman.fi\/index.php?rest_route=%2Fwp%2Fv2%2Fcomments&post=23014"}],"version-history":[{"count":15,"href":"https:\/\/breathingman.fi\/index.php?rest_route=\/wp\/v2\/pages\/23014\/revisions"}],"predecessor-version":[{"id":46113,"href":"https:\/\/breathingman.fi\/index.php?rest_route=\/wp\/v2\/pages\/23014\/revisions\/46113"}],"wp:attachment":[{"href":"https:\/\/breathingman.fi\/index.php?rest_route=%2Fwp%2Fv2%2Fmedia&parent=23014"}],"curies":[{"name":"wp","href":"https:\/\/api.w.org\/{rel}","templated":true}]}}