{"id":22820,"date":"2019-04-27T09:58:20","date_gmt":"2019-04-27T06:58:20","guid":{"rendered":"https:\/\/mytestsitejt.fi\/demo4\/?page_id=22820"},"modified":"2026-04-11T16:41:57","modified_gmt":"2026-04-11T13:41:57","slug":"etusivu","status":"publish","type":"page","link":"https:\/\/breathingman.fi\/","title":{"rendered":"Etusivu 2.0"},"content":{"rendered":"<p>[et_pb_section fb_built=&#8221;1&#8243; _builder_version=&#8221;4.24.0&#8243; _module_preset=&#8221;default&#8221; background_image=&#8221;https:\/\/breathingman.fi\/wp-content\/uploads\/2021\/11\/yogananda_edited.jpg&#8221; parallax=&#8221;on&#8221; background_blend=&#8221;darken&#8221; min_height=&#8221;416px&#8221; custom_margin=&#8221;||-2px|||&#8221; custom_padding=&#8221;3px||288px|||&#8221; global_colors_info=&#8221;{}&#8221;][et_pb_row _builder_version=&#8221;4.24.0&#8243; _module_preset=&#8221;default&#8221; global_colors_info=&#8221;{}&#8221;][et_pb_column type=&#8221;4_4&#8243; _builder_version=&#8221;4.24.0&#8243; _module_preset=&#8221;default&#8221; global_colors_info=&#8221;{}&#8221;][et_pb_heading title=&#8221;Breathingman &#8211; Hengitys- ja stressivalmennus\u00a0 \u00a0 \u00a0 \u00a0 \u00a0 \u00a0 \u00a0 \u00a0 yrityksille ja yksil\u00f6ille&#8221; _builder_version=&#8221;4.24.1&#8243; _module_preset=&#8221;default&#8221; title_text_align=&#8221;left&#8221; title_text_color=&#8221;#FFFFFF&#8221; title_font_size=&#8221;37px&#8221; global_colors_info=&#8221;{}&#8221;][\/et_pb_heading][\/et_pb_column][\/et_pb_row][\/et_pb_section][et_pb_section fb_built=&#8221;1&#8243; _builder_version=&#8221;4.24.0&#8243; background_color=&#8221;#032B35&#8243; min_height=&#8221;586px&#8221; custom_margin=&#8221;0px||-7px|||&#8221; custom_padding=&#8221;1px||41px|||&#8221; top_divider_color=&#8221;#080b93&#8243; bottom_divider_color=&#8221;#160068&#8243; bottom_divider_height=&#8221;117px&#8221; global_colors_info=&#8221;{}&#8221;][et_pb_row _builder_version=&#8221;4.24.0&#8243; _module_preset=&#8221;default&#8221; min_height=&#8221;14px&#8221; global_colors_info=&#8221;{}&#8221;][et_pb_column type=&#8221;4_4&#8243; _builder_version=&#8221;4.24.0&#8243; _module_preset=&#8221;default&#8221; global_colors_info=&#8221;{}&#8221;][\/et_pb_column][\/et_pb_row][et_pb_row column_structure=&#8221;1_3,1_3,1_3&#8243; _builder_version=&#8221;4.24.0&#8243; width=&#8221;100%&#8221; width_tablet=&#8221;&#8221; width_phone=&#8221;&#8221; width_last_edited=&#8221;on|phone&#8221; module_alignment=&#8221;center&#8221; min_height=&#8221;294px&#8221; custom_margin=&#8221;|auto|5px|287px||&#8221; custom_padding=&#8221;2px|0px|40px|0px||&#8221; global_colors_info=&#8221;{}&#8221;][et_pb_column type=&#8221;1_3&#8243; _builder_version=&#8221;4.16&#8243; custom_padding=&#8221;|2%||2%&#8221; global_colors_info=&#8221;{}&#8221; custom_padding__hover=&#8221;|||&#8221;][et_pb_cta title=&#8221;YRITYSASIAKKAAT&#8221; button_text=&#8221;Click Here&#8221; _builder_version=&#8221;4.16&#8243; background_color=&#8221;#239dc2&#8243; min_height=&#8221;224px&#8221; custom_margin=&#8221;|-8px||||&#8221; custom_padding=&#8221;|21px|0px|18px||&#8221; global_colors_info=&#8221;{}&#8221;]<\/p>\n<p class=\"elementor-icon-box-description\">Hengitys- ja stressivalmennukset ja el\u00e4mykselliset tykyp\u00e4iv\u00e4ohjelmat<\/p>\n<p class=\"elementor-icon-box-description\">\n<p class=\"elementor-icon-box-description\">Osallistujien palautteet 4,7\/5<\/p>\n<p class=\"elementor-icon-box-description\">\u2b50\u2b50\u2b50\u2b50\u2b50<\/p>\n<p class=\"elementor-icon-box-description\">\n<p>[\/et_pb_cta][et_pb_button button_url=&#8221;https:\/\/breathingman.fi\/?page_id=23381&#8243; button_text=&#8221;Lue lis\u00e4\u00e4&#8221; button_alignment=&#8221;center&#8221; _builder_version=&#8221;4.24.1&#8243; custom_button=&#8221;on&#8221; button_text_color=&#8221;#ffffff&#8221; button_bg_color=&#8221;#239dc2&#8243; button_font=&#8221;||||||||&#8221; animation_style=&#8221;zoom&#8221; box_shadow_style=&#8221;preset2&#8243; box_shadow_blur=&#8221;9px&#8221; global_colors_info=&#8221;{}&#8221;][\/et_pb_button][\/et_pb_column][et_pb_column type=&#8221;1_3&#8243; _builder_version=&#8221;4.16&#8243; custom_padding=&#8221;|2%||2%&#8221; global_colors_info=&#8221;{}&#8221; custom_padding__hover=&#8221;|||&#8221;][et_pb_cta title=&#8221;TULEVAT TAPAHTUMAT&#8221; button_text=&#8221;Click Here&#8221; _builder_version=&#8221;4.24.0&#8243; background_color=&#8221;#239dc2&#8243; min_height=&#8221;220px&#8221; custom_margin=&#8221;|-8px|27px|||&#8221; custom_padding=&#8221;|11px|0px|8px||&#8221; global_colors_info=&#8221;{}&#8221;]<\/p>\n<p>Nelj\u00e4 erilaista tapahtumavaihtoehtoa.<\/p>\n<p>Huippupalautteet ymp\u00e4ri Suomen<\/p>\n<p>Osallistujien palautteet 4,8\/5<\/p>\n<p>\u2b50\u2b50\u2b50\u2b50\u2b50\u00a0<\/p>\n<p>&nbsp;<\/p>\n<p>[\/et_pb_cta][et_pb_button button_url=&#8221;https:\/\/www.facebook.com\/breathingman.fi\/events&#8221; button_text=&#8221;Lue lis\u00e4\u00e4&#8221; button_alignment=&#8221;center&#8221; _builder_version=&#8221;4.24.0&#8243; custom_button=&#8221;on&#8221; button_text_color=&#8221;#ffffff&#8221; button_bg_color=&#8221;#139AC9&#8243; button_font=&#8221;||||||||&#8221; animation_style=&#8221;zoom&#8221; box_shadow_style=&#8221;preset2&#8243; box_shadow_blur=&#8221;9px&#8221; global_colors_info=&#8221;{}&#8221;][\/et_pb_button][\/et_pb_column][et_pb_column type=&#8221;1_3&#8243; _builder_version=&#8221;4.16&#8243; custom_padding=&#8221;|2%||2%&#8221; global_colors_info=&#8221;{}&#8221; custom_padding__hover=&#8221;|||&#8221;][et_pb_cta title=&#8221;HENKIL\u00d6ASIAKKAAT&#8221; button_text=&#8221;Click Here&#8221; _builder_version=&#8221;4.24.1&#8243; background_color=&#8221;#239dc2&#8243; width=&#8221;105.3%&#8221; min_height=&#8221;197px&#8221; custom_margin=&#8221;|-8px||-1px||&#8221; custom_padding=&#8221;|17px|13px|25px||&#8221; global_colors_info=&#8221;{}&#8221;]<\/p>\n<p class=\"elementor-icon-box-description\">Breathingman hengitys- ja stressivalmennukset sek\u00e4 Alchemy syv\u00e4valmennukset paikan p\u00e4\u00e4ll\u00e4 tai verkossa.<\/p>\n<p class=\"elementor-icon-box-description\">&#8221;Sain hengityksen ja unelmani takaisin&#8221;<\/p>\n<p>[\/et_pb_cta][et_pb_button button_url=&#8221;https:\/\/breathingman.fi\/?page_id=23017&#8243; button_text=&#8221;Lue lis\u00e4\u00e4&#8221; button_alignment=&#8221;center&#8221; _builder_version=&#8221;4.24.1&#8243; custom_button=&#8221;on&#8221; button_text_color=&#8221;#ffffff&#8221; button_bg_color=&#8221;#239dc2&#8243; button_font=&#8221;||||||||&#8221; animation_style=&#8221;zoom&#8221; box_shadow_style=&#8221;preset2&#8243; box_shadow_blur=&#8221;9px&#8221; global_colors_info=&#8221;{}&#8221;][\/et_pb_button][\/et_pb_column][\/et_pb_row][\/et_pb_section][et_pb_section fb_built=&#8221;1&#8243; _builder_version=&#8221;4.24.0&#8243; _module_preset=&#8221;default&#8221; background_color=&#8221;#032B35&#8243; global_colors_info=&#8221;{}&#8221;][et_pb_row _builder_version=&#8221;4.24.0&#8243; _module_preset=&#8221;default&#8221; global_colors_info=&#8221;{}&#8221;][et_pb_column type=&#8221;4_4&#8243; _builder_version=&#8221;4.24.0&#8243; _module_preset=&#8221;default&#8221; global_colors_info=&#8221;{}&#8221;][et_pb_testimonial author=&#8221;Jutta Larm, yritt\u00e4j\u00e4, Fitfarm Oy&#8221; portrait_url=&#8221;https:\/\/breathingman.fi\/wp-content\/uploads\/2024\/02\/Jutta.jpg&#8221; _builder_version=&#8221;4.24.0&#8243; _module_preset=&#8221;default&#8221; global_colors_info=&#8221;{}&#8221;]<\/p>\n<p>Me ollaan osallistuttu jo moneen Breathingman tapahtumaan. Ensinn\u00e4kin Artulla on ilmi\u00f6m\u00e4inen kyky opettaa hengitystekniikka oikeaksi. Mulle henkil\u00f6kohtasesti ty\u00f6pajat on ollu tosi vapauttavia ja stressi\u00e4 poistavia kokemuksia. Oon saanut my\u00f6s ihan el\u00e4m\u00e4nfilosofiallisia uusia tapoja suhtautua t\u00e4h\u00e4n stressiin ja kiireeseen mit\u00e4 v\u00e4lill\u00e4 kyll\u00e4 piisaa. Ehdottomasti suosittelen kaikille. Ja Let go!<\/p>\n<p>[\/et_pb_testimonial][\/et_pb_column][\/et_pb_row][\/et_pb_section][et_pb_section fb_built=&#8221;1&#8243; _builder_version=&#8221;4.24.0&#8243; background_color=&#8221;#032B35&#8243; background_enable_image=&#8221;off&#8221; background_blend=&#8221;darken&#8221; min_height=&#8221;364px&#8221; custom_margin=&#8221;||3px|||&#8221; custom_padding=&#8221;85px||100px|||&#8221; global_colors_info=&#8221;{}&#8221;][et_pb_row _builder_version=&#8221;4.16&#8243; width=&#8221;100%&#8221; module_alignment=&#8221;center&#8221; global_colors_info=&#8221;{}&#8221;][et_pb_column type=&#8221;4_4&#8243; _builder_version=&#8221;4.16&#8243; custom_padding=&#8221;|||&#8221; global_colors_info=&#8221;{}&#8221; custom_padding__hover=&#8221;|||&#8221;][et_pb_text _builder_version=&#8221;4.16&#8243; text_font=&#8221;||||||||&#8221; text_text_color=&#8221;#FFFFFF&#8221; text_font_size=&#8221;21px&#8221; header_font=&#8221;||||||||&#8221; header_text_color=&#8221;#FFFFFF&#8221; global_colors_info=&#8221;{}&#8221;]<\/p>\n<p style=\"text-align: center;\">Breathingman somekanavilta l\u00f6yd\u00e4t paljon superhy\u00f6dyllisi\u00e4 hyvinvointisis\u00e4lt\u00f6j\u00e4 ilmaiseksi!<\/p>\n<p style=\"text-align: center;\">Ota Breathingmanin somekanavat haltuun alta.<\/p>\n<p>[\/et_pb_text][\/et_pb_column][\/et_pb_row][et_pb_row _builder_version=&#8221;4.16&#8243; global_colors_info=&#8221;{}&#8221;][et_pb_column type=&#8221;4_4&#8243; _builder_version=&#8221;4.16&#8243; custom_padding=&#8221;|||&#8221; global_colors_info=&#8221;{}&#8221; custom_padding__hover=&#8221;|||&#8221;][et_pb_social_media_follow follow_button=&#8221;on&#8221; _builder_version=&#8221;4.27.4&#8243; text_orientation=&#8221;center&#8221; background_layout=&#8221;dark&#8221; width=&#8221;100%&#8221; custom_margin=&#8221;|-73px||||&#8221; custom_padding=&#8221;0px|0px|6px|||&#8221; global_colors_info=&#8221;{}&#8221;][et_pb_social_media_follow_network social_network=&#8221;facebook&#8221; url=&#8221;https:\/\/www.facebook.com\/breathingman.fi\/&#8221; _builder_version=&#8221;4.16&#8243; background_color=&#8221;#3b5998&#8243; custom_margin=&#8221;|2%||2%&#8221; global_colors_info=&#8221;{}&#8221; follow_button=&#8221;on&#8221; url_new_window=&#8221;on&#8221;]facebook[\/et_pb_social_media_follow_network][et_pb_social_media_follow_network social_network=&#8221;instagram&#8221; url=&#8221;https:\/\/www.instagram.com\/breathingmanprotocol\/?igsh=NGFxZTlsc2ZoOTA1&#038;utm_source=qr&#8221; _builder_version=&#8221;4.24.0&#8243; _module_preset=&#8221;default&#8221; background_color=&#8221;#ea2c59&#8243; global_colors_info=&#8221;{}&#8221; follow_button=&#8221;on&#8221; url_new_window=&#8221;on&#8221;]instagram[\/et_pb_social_media_follow_network][et_pb_social_media_follow_network social_network=&#8221;youtube&#8221; url=&#8221;https:\/\/www.youtube.com\/@Breathingmanfi&#8221; _builder_version=&#8221;4.27.4&#8243; _module_preset=&#8221;default&#8221; background_color=&#8221;#a82400&#8243; global_colors_info=&#8221;{}&#8221; follow_button=&#8221;on&#8221; url_new_window=&#8221;on&#8221;]youtube[\/et_pb_social_media_follow_network][\/et_pb_social_media_follow][\/et_pb_column][\/et_pb_row][\/et_pb_section]<\/p>\n","protected":false},"excerpt":{"rendered":"<p>Hengitys- ja stressivalmennukset ja el\u00e4mykselliset tykyp\u00e4iv\u00e4ohjelmat Osallistujien palautteet 4,7\/5 \u2b50\u2b50\u2b50\u2b50\u2b50 Nelj\u00e4 erilaista tapahtumavaihtoehtoa. Huippupalautteet ymp\u00e4ri Suomen Osallistujien palautteet 4,8\/5 \u2b50\u2b50\u2b50\u2b50\u2b50\u00a0 &nbsp;Breathingman hengitys- ja stressivalmennukset sek\u00e4 Alchemy syv\u00e4valmennukset paikan p\u00e4\u00e4ll\u00e4 tai verkossa. &#8221;Sain hengityksen ja unelmani takaisin&#8221;Me ollaan osallistuttu jo moneen Breathingman tapahtumaan. Ensinn\u00e4kin Artulla on ilmi\u00f6m\u00e4inen kyky opettaa hengitystekniikka oikeaksi. Mulle henkil\u00f6kohtasesti ty\u00f6pajat on ollu [&hellip;]<\/p>\n","protected":false},"author":1,"featured_media":0,"parent":0,"menu_order":0,"comment_status":"closed","ping_status":"closed","template":"","meta":{"_et_pb_use_builder":"on","_et_pb_old_content":"","_et_gb_content_width":"","footnotes":""},"class_list":["post-22820","page","type-page","status-publish","hentry"],"_links":{"self":[{"href":"https:\/\/breathingman.fi\/index.php?rest_route=\/wp\/v2\/pages\/22820","targetHints":{"allow":["GET"]}}],"collection":[{"href":"https:\/\/breathingman.fi\/index.php?rest_route=\/wp\/v2\/pages"}],"about":[{"href":"https:\/\/breathingman.fi\/index.php?rest_route=\/wp\/v2\/types\/page"}],"author":[{"embeddable":true,"href":"https:\/\/breathingman.fi\/index.php?rest_route=\/wp\/v2\/users\/1"}],"replies":[{"embeddable":true,"href":"https:\/\/breathingman.fi\/index.php?rest_route=%2Fwp%2Fv2%2Fcomments&post=22820"}],"version-history":[{"count":56,"href":"https:\/\/breathingman.fi\/index.php?rest_route=\/wp\/v2\/pages\/22820\/revisions"}],"predecessor-version":[{"id":46139,"href":"https:\/\/breathingman.fi\/index.php?rest_route=\/wp\/v2\/pages\/22820\/revisions\/46139"}],"wp:attachment":[{"href":"https:\/\/breathingman.fi\/index.php?rest_route=%2Fwp%2Fv2%2Fmedia&parent=22820"}],"curies":[{"name":"wp","href":"https:\/\/api.w.org\/{rel}","templated":true}]}}